{"id":964,"date":"2013-08-10T00:16:08","date_gmt":"2013-08-09T22:16:08","guid":{"rendered":"http:\/\/crea\/wp\/?page_id=964"},"modified":"2013-09-13T11:32:09","modified_gmt":"2013-09-13T09:32:09","slug":"plastikdosen","status":"publish","type":"page","link":"https:\/\/www.creativ-display.at\/wp\/creative-display-producing-produkte\/dosen\/plastikdosen\/","title":{"rendered":"Plastikdosen"},"content":{"rendered":"<p>Plastikdosen mit individuellen Werbeaufdruck, hergestellt aus PE , PP \u00a0Kunststoffen, mit Werbe-kleber kaschiert. Gr\u00f6\u00dfen laut Preisliste<\/p>\n<hr \/>\n<div class=\"sideBySide_wrapper\"><div class=\"sideBySide\" id=\"0\"><h2>Plastikdosen 01<\/h2><div id=\"tabs_0\" class=\"tabs_container\"><ul class=\"tabs_list\"><li class=\"tab_active\"><a href=\"#tab_0_0\" rel=\"tab_0_0\">Produktbeschreibung<\/a><\/li><li><a href=\"#tab_0_1\" rel=\"tab_0_1\">Preise<\/a><\/li><\/ul><div class=\"tab_content_container\"><div id=\"content_tab_0_0\" class=\"content_tab\" style=\"display: block;\"><a href=\"http:\/\/www.creativ-display.at\/wp\/wp-content\/uploads\/2013\/09\/Plastikdosen-01.jpg\"><img loading=\"lazy\" decoding=\"async\" class=\"alignright size-product-thumb wp-image-3487\" title=\"Plastikdosen 01\" src=\"http:\/\/www.creativ-display.at\/wp\/wp-content\/uploads\/2013\/09\/Plastikdosen-01-200x125.jpg\" alt=\"Plastikdosen 01, Schraubdeckeldosen\" width=\"200\" height=\"125\" srcset=\"https:\/\/www.creativ-display.at\/wp\/wp-content\/uploads\/2013\/09\/Plastikdosen-01-200x125.jpg 200w, https:\/\/www.creativ-display.at\/wp\/wp-content\/uploads\/2013\/09\/Plastikdosen-01-300x188.jpg 300w, https:\/\/www.creativ-display.at\/wp\/wp-content\/uploads\/2013\/09\/Plastikdosen-01-477x300.jpg 477w, https:\/\/www.creativ-display.at\/wp\/wp-content\/uploads\/2013\/09\/Plastikdosen-01.jpg 900w\" sizes=\"auto, (max-width: 200px) 100vw, 200px\" \/><\/a>Material: PP Polypropylen 1 mm, weiss, spritzgegossen, mit Schraubdeckel und Dichtring gute Dichtheit, Bedruckung: mittels Papieretiketten 4C digitalbedruckt, Gr\u00f6sse: laut Preisliste, Anwendung: f\u00fcr fl\u00fcss iges oder festes F\u00fcllgut: Pulver, Granulate, Chemikalien, hygros kopisches Material usw.\r\n<\/div><div id=\"content_tab_0_1\" class=\"content_tab\"><div class=\"columns_wrapper\"><div class=\"column_container column_1_1\"><a href=\"http:\/\/www.creativ-display.at\/wp\/wp-content\/uploads\/2013\/09\/Preisliste-Plastikdosen-01.pdf\">Preisliste Plastikdosen 01<\/a>\r\n<\/div> <div class=\"column_container column_2_3\">\r\n<\/div><\/div> <\/div><\/div><\/div><\/div><\/div>\n","protected":false},"excerpt":{"rendered":"<p>Plastikdosen mit individuellen Werbeaufdruck, hergestellt aus PE , PP \u00a0Kunststoffen, mit Werbe-kleber kaschiert. Gr\u00f6\u00dfen laut Preisliste<\/p>\n","protected":false},"author":3,"featured_media":0,"parent":959,"menu_order":0,"comment_status":"closed","ping_status":"closed","template":"page-opaque.php","meta":{"footnotes":""},"class_list":["post-964","page","type-page","status-publish","hentry"],"_links":{"self":[{"href":"https:\/\/www.creativ-display.at\/wp\/wp-json\/wp\/v2\/pages\/964","targetHints":{"allow":["GET"]}}],"collection":[{"href":"https:\/\/www.creativ-display.at\/wp\/wp-json\/wp\/v2\/pages"}],"about":[{"href":"https:\/\/www.creativ-display.at\/wp\/wp-json\/wp\/v2\/types\/page"}],"author":[{"embeddable":true,"href":"https:\/\/www.creativ-display.at\/wp\/wp-json\/wp\/v2\/users\/3"}],"replies":[{"embeddable":true,"href":"https:\/\/www.creativ-display.at\/wp\/wp-json\/wp\/v2\/comments?post=964"}],"version-history":[{"count":2,"href":"https:\/\/www.creativ-display.at\/wp\/wp-json\/wp\/v2\/pages\/964\/revisions"}],"predecessor-version":[{"id":3491,"href":"https:\/\/www.creativ-display.at\/wp\/wp-json\/wp\/v2\/pages\/964\/revisions\/3491"}],"up":[{"embeddable":true,"href":"https:\/\/www.creativ-display.at\/wp\/wp-json\/wp\/v2\/pages\/959"}],"wp:attachment":[{"href":"https:\/\/www.creativ-display.at\/wp\/wp-json\/wp\/v2\/media?parent=964"}],"curies":[{"name":"wp","href":"https:\/\/api.w.org\/{rel}","templated":true}]}}